{"id":131,"date":"2024-12-17T22:07:37","date_gmt":"2024-12-18T01:07:37","guid":{"rendered":"https:\/\/contraluzarte.com\/?page_id=131"},"modified":"2025-01-14T11:44:12","modified_gmt":"2025-01-14T14:44:12","slug":"amazonia-agora","status":"publish","type":"page","link":"https:\/\/contraluzarte.com\/esp\/amazonia-agora\/","title":{"rendered":"EXPO_Amazonia Agora"},"content":{"rendered":"<div class=\"wp-block-cover alignfull is-light has-custom-content-position is-position-top-center\" style=\"min-height:338px;aspect-ratio:unset;\"><span aria-hidden=\"true\" class=\"wp-block-cover__background has-background-dim\" style=\"background-color:#96a48f\"><\/span><img loading=\"lazy\" decoding=\"async\" width=\"1920\" height=\"1273\" class=\"wp-block-cover__image-background wp-image-218\" alt=\"\" src=\"https:\/\/contraluzarte.com\/wp-content\/uploads\/2024\/12\/01_wagner.jpeg\" style=\"object-position:48% 80%\" data-object-fit=\"cover\" data-object-position=\"48% 80%\" srcset=\"https:\/\/contraluzarte.com\/wp-content\/uploads\/2024\/12\/01_wagner.jpeg 1920w, https:\/\/contraluzarte.com\/wp-content\/uploads\/2024\/12\/01_wagner-300x199.jpeg 300w, https:\/\/contraluzarte.com\/wp-content\/uploads\/2024\/12\/01_wagner-600x398.jpeg 600w, https:\/\/contraluzarte.com\/wp-content\/uploads\/2024\/12\/01_wagner-1024x679.jpeg 1024w, https:\/\/contraluzarte.com\/wp-content\/uploads\/2024\/12\/01_wagner-768x509.jpeg 768w, https:\/\/contraluzarte.com\/wp-content\/uploads\/2024\/12\/01_wagner-1536x1018.jpeg 1536w\" sizes=\"auto, (max-width: 1920px) 100vw, 1920px\" \/><div class=\"wp-block-cover__inner-container is-layout-flow wp-block-cover-is-layout-flow\">\n<p><\/p>\n\n\n\n<p class=\"has-text-align-center has-ti-fg-color has-text-color has-link-color has-x-large-font-size wp-elements-eb42be4c6f1553ce848c3f8f8d188184\"><strong>Amaz\u00f4nia Agora<\/strong><\/p>\n\n\n\n<h2 class=\"wp-block-heading has-text-align-center has-ti-fg-color has-text-color has-link-color has-large-font-size wp-elements-aaf2e3f2e273f47d249a832c1161e35e\">Igor Wagner<\/h2>\n<\/div><\/div>\n\n\n\n<div style=\"height:33px\" aria-hidden=\"true\" class=\"wp-block-spacer\"><\/div>\n\n\n\n<p class=\"is-style-text-annotation is-style-text-annotation--1\"><strong>Amaz\u00f4nia Agora<\/strong>\u00a0\u00e9 uma s\u00e9rie fotogr\u00e1fica em negativo 35mm que pretende retratar os dias de viagem em barco pelo rio Amazonas.<br>Desde Manaus hasta el puerto de Bel\u00e9m, las hamacas se mecen al ritmo del r\u00edo. En el muelle de Obidos suben y bajan bolsas de tierra y alimentos. Al mismo tiempo se siente el barullo de los comerciantes.<br>Llueve.<br>As\u00ed transcurren los atardeceres y las salidas del sol. Solo cada tanto, ocurre algo que nos devuelve al eje y nos recuerda por qu\u00e9 estamos all\u00ed.<br>Donde el sonido de la floresta permite dormir tranquilo.<\/p>\n\n\n\n<hr class=\"wp-block-separator has-text-color has-cyan-bluish-gray-color has-alpha-channel-opacity has-cyan-bluish-gray-background-color has-background is-style-wide is-style-wide--2\" style=\"margin-top:var(--wp--preset--spacing--60);margin-bottom:var(--wp--preset--spacing--60)\"\/>\n\n\n\n<div class=\"wp-block-columns alignwide are-vertically-aligned-center is-layout-flex wp-container-core-columns-is-layout-8d88fe0f wp-block-columns-is-layout-flex\" style=\"padding-top:var(--wp--preset--spacing--20);padding-bottom:var(--wp--preset--spacing--20)\">\n<div class=\"wp-block-column is-vertically-aligned-center is-layout-flow wp-block-column-is-layout-flow\">\n<figure data-wp-context=\"{&quot;imageId&quot;:&quot;69e927bb84b42&quot;}\" data-wp-interactive=\"core\/image\" data-wp-key=\"69e927bb84b42\" class=\"wp-block-image aligncenter size-large wp-lightbox-container\"><img loading=\"lazy\" decoding=\"async\" width=\"1024\" height=\"679\" data-wp-class--hide=\"state.isContentHidden\" data-wp-class--show=\"state.isContentVisible\" data-wp-init=\"callbacks.setButtonStyles\" data-wp-on--click=\"actions.showLightbox\" data-wp-on--load=\"callbacks.setButtonStyles\" data-wp-on-window--resize=\"callbacks.setButtonStyles\" src=\"https:\/\/contraluzarte.com\/wp-content\/uploads\/2024\/12\/01_wagner-1024x679.jpeg\" alt=\"\" class=\"wp-image-218\" srcset=\"https:\/\/contraluzarte.com\/wp-content\/uploads\/2024\/12\/01_wagner-1024x679.jpeg 1024w, https:\/\/contraluzarte.com\/wp-content\/uploads\/2024\/12\/01_wagner-300x199.jpeg 300w, https:\/\/contraluzarte.com\/wp-content\/uploads\/2024\/12\/01_wagner-600x398.jpeg 600w, https:\/\/contraluzarte.com\/wp-content\/uploads\/2024\/12\/01_wagner-768x509.jpeg 768w, https:\/\/contraluzarte.com\/wp-content\/uploads\/2024\/12\/01_wagner-1536x1018.jpeg 1536w, https:\/\/contraluzarte.com\/wp-content\/uploads\/2024\/12\/01_wagner.jpeg 1920w\" sizes=\"auto, (max-width: 1024px) 100vw, 1024px\" \/><button\n\t\t\tclass=\"lightbox-trigger\"\n\t\t\ttype=\"button\"\n\t\t\taria-haspopup=\"dialog\"\n\t\t\taria-label=\"Agrandar\"\n\t\t\tdata-wp-init=\"callbacks.initTriggerButton\"\n\t\t\tdata-wp-on--click=\"actions.showLightbox\"\n\t\t\tdata-wp-style--right=\"state.imageButtonRight\"\n\t\t\tdata-wp-style--top=\"state.imageButtonTop\"\n\t\t>\n\t\t\t<svg xmlns=\"http:\/\/www.w3.org\/2000\/svg\" width=\"12\" height=\"12\" fill=\"none\" viewbox=\"0 0 12 12\">\n\t\t\t\t<path fill=\"#fff\" d=\"M2 0a2 2 0 0 0-2 2v2h1.5V2a.5.5 0 0 1 .5-.5h2V0H2Zm2 10.5H2a.5.5 0 0 1-.5-.5V8H0v2a2 2 0 0 0 2 2h2v-1.5ZM8 12v-1.5h2a.5.5 0 0 0 .5-.5V8H12v2a2 2 0 0 1-2 2H8Zm2-12a2 2 0 0 1 2 2v2h-1.5V2a.5.5 0 0 0-.5-.5H8V0h2Z\" \/>\n\t\t\t<\/svg>\n\t\t<\/button><\/figure>\n<\/div>\n\n\n\n<div class=\"wp-block-column is-vertically-aligned-center is-layout-flow wp-block-column-is-layout-flow\">\n<figure data-wp-context=\"{&quot;imageId&quot;:&quot;69e927bb84d93&quot;}\" data-wp-interactive=\"core\/image\" data-wp-key=\"69e927bb84d93\" class=\"wp-block-image size-large wp-lightbox-container\"><img loading=\"lazy\" decoding=\"async\" width=\"1024\" height=\"679\" data-wp-class--hide=\"state.isContentHidden\" data-wp-class--show=\"state.isContentVisible\" data-wp-init=\"callbacks.setButtonStyles\" data-wp-on--click=\"actions.showLightbox\" data-wp-on--load=\"callbacks.setButtonStyles\" data-wp-on-window--resize=\"callbacks.setButtonStyles\" src=\"https:\/\/contraluzarte.com\/wp-content\/uploads\/2024\/12\/02_wagner-1024x679.jpeg\" alt=\"\" class=\"wp-image-219\" srcset=\"https:\/\/contraluzarte.com\/wp-content\/uploads\/2024\/12\/02_wagner-1024x679.jpeg 1024w, https:\/\/contraluzarte.com\/wp-content\/uploads\/2024\/12\/02_wagner-300x199.jpeg 300w, https:\/\/contraluzarte.com\/wp-content\/uploads\/2024\/12\/02_wagner-600x398.jpeg 600w, https:\/\/contraluzarte.com\/wp-content\/uploads\/2024\/12\/02_wagner-768x509.jpeg 768w, https:\/\/contraluzarte.com\/wp-content\/uploads\/2024\/12\/02_wagner-1536x1018.jpeg 1536w, https:\/\/contraluzarte.com\/wp-content\/uploads\/2024\/12\/02_wagner.jpeg 1920w\" sizes=\"auto, (max-width: 1024px) 100vw, 1024px\" \/><button\n\t\t\tclass=\"lightbox-trigger\"\n\t\t\ttype=\"button\"\n\t\t\taria-haspopup=\"dialog\"\n\t\t\taria-label=\"Agrandar\"\n\t\t\tdata-wp-init=\"callbacks.initTriggerButton\"\n\t\t\tdata-wp-on--click=\"actions.showLightbox\"\n\t\t\tdata-wp-style--right=\"state.imageButtonRight\"\n\t\t\tdata-wp-style--top=\"state.imageButtonTop\"\n\t\t>\n\t\t\t<svg xmlns=\"http:\/\/www.w3.org\/2000\/svg\" width=\"12\" height=\"12\" fill=\"none\" viewbox=\"0 0 12 12\">\n\t\t\t\t<path fill=\"#fff\" d=\"M2 0a2 2 0 0 0-2 2v2h1.5V2a.5.5 0 0 1 .5-.5h2V0H2Zm2 10.5H2a.5.5 0 0 1-.5-.5V8H0v2a2 2 0 0 0 2 2h2v-1.5ZM8 12v-1.5h2a.5.5 0 0 0 .5-.5V8H12v2a2 2 0 0 1-2 2H8Zm2-12a2 2 0 0 1 2 2v2h-1.5V2a.5.5 0 0 0-.5-.5H8V0h2Z\" \/>\n\t\t\t<\/svg>\n\t\t<\/button><\/figure>\n<\/div>\n<\/div>\n\n\n\n<div class=\"wp-block-columns alignwide are-vertically-aligned-center is-layout-flex wp-container-core-columns-is-layout-8d88fe0f wp-block-columns-is-layout-flex\" style=\"padding-top:var(--wp--preset--spacing--20);padding-bottom:var(--wp--preset--spacing--20)\">\n<div class=\"wp-block-column is-vertically-aligned-center is-layout-flow wp-block-column-is-layout-flow\">\n<figure data-wp-context=\"{&quot;imageId&quot;:&quot;69e927bb84fcb&quot;}\" data-wp-interactive=\"core\/image\" data-wp-key=\"69e927bb84fcb\" class=\"wp-block-image aligncenter size-large wp-lightbox-container\"><img loading=\"lazy\" decoding=\"async\" width=\"1024\" height=\"679\" data-wp-class--hide=\"state.isContentHidden\" data-wp-class--show=\"state.isContentVisible\" data-wp-init=\"callbacks.setButtonStyles\" data-wp-on--click=\"actions.showLightbox\" data-wp-on--load=\"callbacks.setButtonStyles\" data-wp-on-window--resize=\"callbacks.setButtonStyles\" src=\"https:\/\/contraluzarte.com\/wp-content\/uploads\/2024\/12\/03_wagner-1024x679.jpeg\" alt=\"\" class=\"wp-image-220\" srcset=\"https:\/\/contraluzarte.com\/wp-content\/uploads\/2024\/12\/03_wagner-1024x679.jpeg 1024w, https:\/\/contraluzarte.com\/wp-content\/uploads\/2024\/12\/03_wagner-300x199.jpeg 300w, https:\/\/contraluzarte.com\/wp-content\/uploads\/2024\/12\/03_wagner-600x398.jpeg 600w, https:\/\/contraluzarte.com\/wp-content\/uploads\/2024\/12\/03_wagner-768x509.jpeg 768w, https:\/\/contraluzarte.com\/wp-content\/uploads\/2024\/12\/03_wagner-1536x1018.jpeg 1536w, https:\/\/contraluzarte.com\/wp-content\/uploads\/2024\/12\/03_wagner.jpeg 1920w\" sizes=\"auto, (max-width: 1024px) 100vw, 1024px\" \/><button\n\t\t\tclass=\"lightbox-trigger\"\n\t\t\ttype=\"button\"\n\t\t\taria-haspopup=\"dialog\"\n\t\t\taria-label=\"Agrandar\"\n\t\t\tdata-wp-init=\"callbacks.initTriggerButton\"\n\t\t\tdata-wp-on--click=\"actions.showLightbox\"\n\t\t\tdata-wp-style--right=\"state.imageButtonRight\"\n\t\t\tdata-wp-style--top=\"state.imageButtonTop\"\n\t\t>\n\t\t\t<svg xmlns=\"http:\/\/www.w3.org\/2000\/svg\" width=\"12\" height=\"12\" fill=\"none\" viewbox=\"0 0 12 12\">\n\t\t\t\t<path fill=\"#fff\" d=\"M2 0a2 2 0 0 0-2 2v2h1.5V2a.5.5 0 0 1 .5-.5h2V0H2Zm2 10.5H2a.5.5 0 0 1-.5-.5V8H0v2a2 2 0 0 0 2 2h2v-1.5ZM8 12v-1.5h2a.5.5 0 0 0 .5-.5V8H12v2a2 2 0 0 1-2 2H8Zm2-12a2 2 0 0 1 2 2v2h-1.5V2a.5.5 0 0 0-.5-.5H8V0h2Z\" \/>\n\t\t\t<\/svg>\n\t\t<\/button><\/figure>\n<\/div>\n\n\n\n<div class=\"wp-block-column is-vertically-aligned-center is-layout-flow wp-block-column-is-layout-flow\">\n<figure data-wp-context=\"{&quot;imageId&quot;:&quot;69e927bb85161&quot;}\" data-wp-interactive=\"core\/image\" data-wp-key=\"69e927bb85161\" class=\"wp-block-image size-large wp-lightbox-container\"><img loading=\"lazy\" decoding=\"async\" width=\"1024\" height=\"679\" data-wp-class--hide=\"state.isContentHidden\" data-wp-class--show=\"state.isContentVisible\" data-wp-init=\"callbacks.setButtonStyles\" data-wp-on--click=\"actions.showLightbox\" data-wp-on--load=\"callbacks.setButtonStyles\" data-wp-on-window--resize=\"callbacks.setButtonStyles\" src=\"https:\/\/contraluzarte.com\/wp-content\/uploads\/2024\/12\/04_wagner-1024x679.jpeg\" alt=\"\" class=\"wp-image-221\" srcset=\"https:\/\/contraluzarte.com\/wp-content\/uploads\/2024\/12\/04_wagner-1024x679.jpeg 1024w, https:\/\/contraluzarte.com\/wp-content\/uploads\/2024\/12\/04_wagner-300x199.jpeg 300w, https:\/\/contraluzarte.com\/wp-content\/uploads\/2024\/12\/04_wagner-600x398.jpeg 600w, https:\/\/contraluzarte.com\/wp-content\/uploads\/2024\/12\/04_wagner-768x509.jpeg 768w, https:\/\/contraluzarte.com\/wp-content\/uploads\/2024\/12\/04_wagner-1536x1018.jpeg 1536w, https:\/\/contraluzarte.com\/wp-content\/uploads\/2024\/12\/04_wagner.jpeg 1920w\" sizes=\"auto, (max-width: 1024px) 100vw, 1024px\" \/><button\n\t\t\tclass=\"lightbox-trigger\"\n\t\t\ttype=\"button\"\n\t\t\taria-haspopup=\"dialog\"\n\t\t\taria-label=\"Agrandar\"\n\t\t\tdata-wp-init=\"callbacks.initTriggerButton\"\n\t\t\tdata-wp-on--click=\"actions.showLightbox\"\n\t\t\tdata-wp-style--right=\"state.imageButtonRight\"\n\t\t\tdata-wp-style--top=\"state.imageButtonTop\"\n\t\t>\n\t\t\t<svg xmlns=\"http:\/\/www.w3.org\/2000\/svg\" width=\"12\" height=\"12\" fill=\"none\" viewbox=\"0 0 12 12\">\n\t\t\t\t<path fill=\"#fff\" d=\"M2 0a2 2 0 0 0-2 2v2h1.5V2a.5.5 0 0 1 .5-.5h2V0H2Zm2 10.5H2a.5.5 0 0 1-.5-.5V8H0v2a2 2 0 0 0 2 2h2v-1.5ZM8 12v-1.5h2a.5.5 0 0 0 .5-.5V8H12v2a2 2 0 0 1-2 2H8Zm2-12a2 2 0 0 1 2 2v2h-1.5V2a.5.5 0 0 0-.5-.5H8V0h2Z\" \/>\n\t\t\t<\/svg>\n\t\t<\/button><\/figure>\n<\/div>\n<\/div>\n\n\n\n<div class=\"wp-block-columns alignwide are-vertically-aligned-center is-layout-flex wp-container-core-columns-is-layout-8d88fe0f wp-block-columns-is-layout-flex\" style=\"padding-top:var(--wp--preset--spacing--20);padding-bottom:var(--wp--preset--spacing--20)\">\n<div class=\"wp-block-column is-vertically-aligned-center is-layout-flow wp-block-column-is-layout-flow\">\n<figure data-wp-context=\"{&quot;imageId&quot;:&quot;69e927bb8534c&quot;}\" data-wp-interactive=\"core\/image\" data-wp-key=\"69e927bb8534c\" class=\"wp-block-image aligncenter size-large wp-lightbox-container\"><img loading=\"lazy\" decoding=\"async\" width=\"1024\" height=\"679\" data-wp-class--hide=\"state.isContentHidden\" data-wp-class--show=\"state.isContentVisible\" data-wp-init=\"callbacks.setButtonStyles\" data-wp-on--click=\"actions.showLightbox\" data-wp-on--load=\"callbacks.setButtonStyles\" data-wp-on-window--resize=\"callbacks.setButtonStyles\" src=\"https:\/\/contraluzarte.com\/wp-content\/uploads\/2024\/12\/05_wagner-1024x679.jpeg\" alt=\"\" class=\"wp-image-222\" srcset=\"https:\/\/contraluzarte.com\/wp-content\/uploads\/2024\/12\/05_wagner-1024x679.jpeg 1024w, https:\/\/contraluzarte.com\/wp-content\/uploads\/2024\/12\/05_wagner-300x199.jpeg 300w, https:\/\/contraluzarte.com\/wp-content\/uploads\/2024\/12\/05_wagner-600x398.jpeg 600w, https:\/\/contraluzarte.com\/wp-content\/uploads\/2024\/12\/05_wagner-768x509.jpeg 768w, https:\/\/contraluzarte.com\/wp-content\/uploads\/2024\/12\/05_wagner-1536x1018.jpeg 1536w, https:\/\/contraluzarte.com\/wp-content\/uploads\/2024\/12\/05_wagner.jpeg 1920w\" sizes=\"auto, (max-width: 1024px) 100vw, 1024px\" \/><button\n\t\t\tclass=\"lightbox-trigger\"\n\t\t\ttype=\"button\"\n\t\t\taria-haspopup=\"dialog\"\n\t\t\taria-label=\"Agrandar\"\n\t\t\tdata-wp-init=\"callbacks.initTriggerButton\"\n\t\t\tdata-wp-on--click=\"actions.showLightbox\"\n\t\t\tdata-wp-style--right=\"state.imageButtonRight\"\n\t\t\tdata-wp-style--top=\"state.imageButtonTop\"\n\t\t>\n\t\t\t<svg xmlns=\"http:\/\/www.w3.org\/2000\/svg\" width=\"12\" height=\"12\" fill=\"none\" viewbox=\"0 0 12 12\">\n\t\t\t\t<path fill=\"#fff\" d=\"M2 0a2 2 0 0 0-2 2v2h1.5V2a.5.5 0 0 1 .5-.5h2V0H2Zm2 10.5H2a.5.5 0 0 1-.5-.5V8H0v2a2 2 0 0 0 2 2h2v-1.5ZM8 12v-1.5h2a.5.5 0 0 0 .5-.5V8H12v2a2 2 0 0 1-2 2H8Zm2-12a2 2 0 0 1 2 2v2h-1.5V2a.5.5 0 0 0-.5-.5H8V0h2Z\" \/>\n\t\t\t<\/svg>\n\t\t<\/button><\/figure>\n<\/div>\n\n\n\n<div class=\"wp-block-column is-vertically-aligned-center is-layout-flow wp-block-column-is-layout-flow\">\n<figure class=\"wp-block-image size-large\"><img loading=\"lazy\" decoding=\"async\" width=\"1024\" height=\"679\" src=\"https:\/\/contraluzarte.com\/wp-content\/uploads\/2024\/12\/06_wagner-1024x679.jpeg\" alt=\"\" class=\"wp-image-223\" srcset=\"https:\/\/contraluzarte.com\/wp-content\/uploads\/2024\/12\/06_wagner-1024x679.jpeg 1024w, https:\/\/contraluzarte.com\/wp-content\/uploads\/2024\/12\/06_wagner-300x199.jpeg 300w, https:\/\/contraluzarte.com\/wp-content\/uploads\/2024\/12\/06_wagner-600x398.jpeg 600w, https:\/\/contraluzarte.com\/wp-content\/uploads\/2024\/12\/06_wagner-768x509.jpeg 768w, https:\/\/contraluzarte.com\/wp-content\/uploads\/2024\/12\/06_wagner-1536x1018.jpeg 1536w, https:\/\/contraluzarte.com\/wp-content\/uploads\/2024\/12\/06_wagner.jpeg 1920w\" sizes=\"auto, (max-width: 1024px) 100vw, 1024px\" \/><\/figure>\n<\/div>\n<\/div>\n\n\n\n<div class=\"wp-block-columns alignwide are-vertically-aligned-center is-layout-flex wp-container-core-columns-is-layout-8d88fe0f wp-block-columns-is-layout-flex\" style=\"padding-top:var(--wp--preset--spacing--20);padding-bottom:var(--wp--preset--spacing--20)\">\n<div class=\"wp-block-column is-vertically-aligned-center is-layout-flow wp-block-column-is-layout-flow\">\n<figure data-wp-context=\"{&quot;imageId&quot;:&quot;69e927bb8558c&quot;}\" data-wp-interactive=\"core\/image\" data-wp-key=\"69e927bb8558c\" class=\"wp-block-image aligncenter size-large wp-lightbox-container\"><img loading=\"lazy\" decoding=\"async\" width=\"1024\" height=\"679\" data-wp-class--hide=\"state.isContentHidden\" data-wp-class--show=\"state.isContentVisible\" data-wp-init=\"callbacks.setButtonStyles\" data-wp-on--click=\"actions.showLightbox\" data-wp-on--load=\"callbacks.setButtonStyles\" data-wp-on-window--resize=\"callbacks.setButtonStyles\" src=\"https:\/\/contraluzarte.com\/wp-content\/uploads\/2024\/12\/07_wagner-1024x679.jpeg\" alt=\"\" class=\"wp-image-224\" srcset=\"https:\/\/contraluzarte.com\/wp-content\/uploads\/2024\/12\/07_wagner-1024x679.jpeg 1024w, https:\/\/contraluzarte.com\/wp-content\/uploads\/2024\/12\/07_wagner-300x199.jpeg 300w, https:\/\/contraluzarte.com\/wp-content\/uploads\/2024\/12\/07_wagner-600x398.jpeg 600w, https:\/\/contraluzarte.com\/wp-content\/uploads\/2024\/12\/07_wagner-768x509.jpeg 768w, https:\/\/contraluzarte.com\/wp-content\/uploads\/2024\/12\/07_wagner-1536x1018.jpeg 1536w, https:\/\/contraluzarte.com\/wp-content\/uploads\/2024\/12\/07_wagner.jpeg 1920w\" sizes=\"auto, (max-width: 1024px) 100vw, 1024px\" \/><button\n\t\t\tclass=\"lightbox-trigger\"\n\t\t\ttype=\"button\"\n\t\t\taria-haspopup=\"dialog\"\n\t\t\taria-label=\"Agrandar\"\n\t\t\tdata-wp-init=\"callbacks.initTriggerButton\"\n\t\t\tdata-wp-on--click=\"actions.showLightbox\"\n\t\t\tdata-wp-style--right=\"state.imageButtonRight\"\n\t\t\tdata-wp-style--top=\"state.imageButtonTop\"\n\t\t>\n\t\t\t<svg xmlns=\"http:\/\/www.w3.org\/2000\/svg\" width=\"12\" height=\"12\" fill=\"none\" viewbox=\"0 0 12 12\">\n\t\t\t\t<path fill=\"#fff\" d=\"M2 0a2 2 0 0 0-2 2v2h1.5V2a.5.5 0 0 1 .5-.5h2V0H2Zm2 10.5H2a.5.5 0 0 1-.5-.5V8H0v2a2 2 0 0 0 2 2h2v-1.5ZM8 12v-1.5h2a.5.5 0 0 0 .5-.5V8H12v2a2 2 0 0 1-2 2H8Zm2-12a2 2 0 0 1 2 2v2h-1.5V2a.5.5 0 0 0-.5-.5H8V0h2Z\" \/>\n\t\t\t<\/svg>\n\t\t<\/button><\/figure>\n<\/div>\n\n\n\n<div class=\"wp-block-column is-vertically-aligned-center is-layout-flow wp-block-column-is-layout-flow\">\n<figure data-wp-context=\"{&quot;imageId&quot;:&quot;69e927bb85700&quot;}\" data-wp-interactive=\"core\/image\" data-wp-key=\"69e927bb85700\" class=\"wp-block-image size-large wp-lightbox-container\"><img loading=\"lazy\" decoding=\"async\" width=\"1024\" height=\"679\" data-wp-class--hide=\"state.isContentHidden\" data-wp-class--show=\"state.isContentVisible\" data-wp-init=\"callbacks.setButtonStyles\" data-wp-on--click=\"actions.showLightbox\" data-wp-on--load=\"callbacks.setButtonStyles\" data-wp-on-window--resize=\"callbacks.setButtonStyles\" src=\"https:\/\/contraluzarte.com\/wp-content\/uploads\/2024\/12\/08_wagner-1024x679.jpeg\" alt=\"\" class=\"wp-image-225\" srcset=\"https:\/\/contraluzarte.com\/wp-content\/uploads\/2024\/12\/08_wagner-1024x679.jpeg 1024w, https:\/\/contraluzarte.com\/wp-content\/uploads\/2024\/12\/08_wagner-300x199.jpeg 300w, https:\/\/contraluzarte.com\/wp-content\/uploads\/2024\/12\/08_wagner-600x398.jpeg 600w, https:\/\/contraluzarte.com\/wp-content\/uploads\/2024\/12\/08_wagner-768x509.jpeg 768w, https:\/\/contraluzarte.com\/wp-content\/uploads\/2024\/12\/08_wagner-1536x1018.jpeg 1536w, https:\/\/contraluzarte.com\/wp-content\/uploads\/2024\/12\/08_wagner.jpeg 1920w\" sizes=\"auto, (max-width: 1024px) 100vw, 1024px\" \/><button\n\t\t\tclass=\"lightbox-trigger\"\n\t\t\ttype=\"button\"\n\t\t\taria-haspopup=\"dialog\"\n\t\t\taria-label=\"Agrandar\"\n\t\t\tdata-wp-init=\"callbacks.initTriggerButton\"\n\t\t\tdata-wp-on--click=\"actions.showLightbox\"\n\t\t\tdata-wp-style--right=\"state.imageButtonRight\"\n\t\t\tdata-wp-style--top=\"state.imageButtonTop\"\n\t\t>\n\t\t\t<svg xmlns=\"http:\/\/www.w3.org\/2000\/svg\" width=\"12\" height=\"12\" fill=\"none\" viewbox=\"0 0 12 12\">\n\t\t\t\t<path fill=\"#fff\" d=\"M2 0a2 2 0 0 0-2 2v2h1.5V2a.5.5 0 0 1 .5-.5h2V0H2Zm2 10.5H2a.5.5 0 0 1-.5-.5V8H0v2a2 2 0 0 0 2 2h2v-1.5ZM8 12v-1.5h2a.5.5 0 0 0 .5-.5V8H12v2a2 2 0 0 1-2 2H8Zm2-12a2 2 0 0 1 2 2v2h-1.5V2a.5.5 0 0 0-.5-.5H8V0h2Z\" \/>\n\t\t\t<\/svg>\n\t\t<\/button><\/figure>\n<\/div>\n<\/div>\n\n\n\n<hr class=\"wp-block-separator has-text-color has-cyan-bluish-gray-color has-alpha-channel-opacity has-cyan-bluish-gray-background-color has-background is-style-wide is-style-wide--3\" style=\"margin-top:var(--wp--preset--spacing--60);margin-bottom:var(--wp--preset--spacing--60)\"\/>\n\n\n\n<h2 class=\"wp-block-heading\">Sobre el artista<\/h2>\n\n\n\n<div class=\"wp-block-columns is-layout-flex wp-container-core-columns-is-layout-28f84493 wp-block-columns-is-layout-flex\">\n<div class=\"wp-block-column is-layout-flow wp-block-column-is-layout-flow\">\n<p class=\"is-style-text-annotation is-style-text-annotation--4 translation-block\"><strong>Igor Wagner\u00a0<\/strong> es un fot\u00f3grafo documental argentino. Se interes\u00f3 por la fotograf\u00eda durante un viaje a la India y Nepal donde se apasion\u00f3 por el registro documental. Arranc\u00f3 sus estudios en fotoperiodismo en la Asociaci\u00f3n de Reporteros Gr\u00e1ficos de Argentina de la cual es miembro.\nInvestiga sobre el rol de las im\u00e1genes en la prensa, como construcci\u00f3n de memoria, la inteligencia artificial en la producci\u00f3n de im\u00e1genes y las fake news.\nViajero apasionado, se interesa por conocer comunidades desde la empat\u00eda y el acercamiento que solo la fotograf\u00eda f\u00edlmica permite.<\/p>\n\n\n\n<h4 class=\"wp-block-heading\"><strong>@phwagner1<\/strong><\/h4>\n\n\n\n<h4 class=\"wp-block-heading\"><strong>wagner.igor@gmail.com<\/strong><\/h4>\n<\/div>\n\n\n\n<div class=\"wp-block-column is-layout-flow wp-block-column-is-layout-flow\">\n<figure class=\"wp-block-image aligncenter size-large is-resized\"><img loading=\"lazy\" decoding=\"async\" width=\"1024\" height=\"1024\" src=\"https:\/\/contraluzarte.com\/wp-content\/uploads\/2024\/12\/igor_wagner-1024x1024.webp\" alt=\"\" class=\"wp-image-226\" style=\"width:315px;height:auto\" srcset=\"https:\/\/contraluzarte.com\/wp-content\/uploads\/2024\/12\/igor_wagner-1024x1024.webp 1024w, https:\/\/contraluzarte.com\/wp-content\/uploads\/2024\/12\/igor_wagner-300x300.webp 300w, https:\/\/contraluzarte.com\/wp-content\/uploads\/2024\/12\/igor_wagner-100x100.webp 100w, https:\/\/contraluzarte.com\/wp-content\/uploads\/2024\/12\/igor_wagner-600x600.webp 600w, https:\/\/contraluzarte.com\/wp-content\/uploads\/2024\/12\/igor_wagner-150x150.webp 150w, https:\/\/contraluzarte.com\/wp-content\/uploads\/2024\/12\/igor_wagner-768x768.webp 768w, https:\/\/contraluzarte.com\/wp-content\/uploads\/2024\/12\/igor_wagner-1536x1536.webp 1536w, https:\/\/contraluzarte.com\/wp-content\/uploads\/2024\/12\/igor_wagner.webp 1920w\" sizes=\"auto, (max-width: 1024px) 100vw, 1024px\" \/><\/figure>\n<\/div>\n<\/div>\n\n\n\n<p><\/p>","protected":false},"excerpt":{"rendered":"<p>Amaz\u00f4nia Agora\u00a0\u00e9 uma s\u00e9rie fotogr\u00e1fica em negativo 35mm que pretende retratar os dias de viagem em barco pelo rio Amazonas.De Manaus ao porto de Bel\u00e9m, as redes se movem no ritmo do rio. No p\u00eder de \u00d3bidos sobem e baixam sacos de terra e alimentos. Ao mesmo tempo, se sente o barulho dos comerciantes.Chove.Assim transcorrem [&hellip;]<\/p>\n","protected":false},"author":1,"featured_media":0,"parent":0,"menu_order":0,"comment_status":"closed","ping_status":"closed","template":"","meta":{"_exactmetrics_skip_tracking":false,"_exactmetrics_sitenote_active":false,"_exactmetrics_sitenote_note":"","_exactmetrics_sitenote_category":0,"footnotes":""},"class_list":["post-131","page","type-page","status-publish","hentry"],"_links":{"self":[{"href":"https:\/\/contraluzarte.com\/esp\/wp-json\/wp\/v2\/pages\/131","targetHints":{"allow":["GET"]}}],"collection":[{"href":"https:\/\/contraluzarte.com\/esp\/wp-json\/wp\/v2\/pages"}],"about":[{"href":"https:\/\/contraluzarte.com\/esp\/wp-json\/wp\/v2\/types\/page"}],"author":[{"embeddable":true,"href":"https:\/\/contraluzarte.com\/esp\/wp-json\/wp\/v2\/users\/1"}],"replies":[{"embeddable":true,"href":"https:\/\/contraluzarte.com\/esp\/wp-json\/wp\/v2\/comments?post=131"}],"version-history":[{"count":0,"href":"https:\/\/contraluzarte.com\/esp\/wp-json\/wp\/v2\/pages\/131\/revisions"}],"wp:attachment":[{"href":"https:\/\/contraluzarte.com\/esp\/wp-json\/wp\/v2\/media?parent=131"}],"curies":[{"name":"wp","href":"https:\/\/api.w.org\/{rel}","templated":true}]}}