{"id":3644,"date":"2025-09-28T12:12:57","date_gmt":"2025-09-28T15:12:57","guid":{"rendered":"https:\/\/contraluzarte.com\/?post_type=product&#038;p=3644"},"modified":"2025-10-28T10:19:23","modified_gmt":"2025-10-28T13:19:23","slug":"ecobag-america-latina","status":"publish","type":"product","link":"https:\/\/contraluzarte.com\/esp\/producto\/ecobag-america-latina\/","title":{"rendered":"Ecobag Am\u00e9rica Latina"},"content":{"rendered":"<p>15 dias \u00fateis de produ\u00e7\u00e3o<\/p>","protected":false},"excerpt":{"rendered":"<p>15 dias \u00fateis de produ\u00e7\u00e3o<\/p>","protected":false},"featured_media":4325,"template":"","meta":{"_exactmetrics_skip_tracking":false,"_exactmetrics_sitenote_active":false,"_exactmetrics_sitenote_note":"","_exactmetrics_sitenote_category":0},"product_brand":[],"product_cat":[73,72],"product_tag":[80,79,78],"class_list":{"0":"post-3644","1":"product","2":"type-product","3":"status-publish","4":"has-post-thumbnail","6":"product_cat-ecobag","7":"product_cat-produtos","8":"product_tag-agenda","9":"product_tag-papelaria","10":"product_tag-produtos","12":"first","13":"instock","14":"sale","15":"shipping-taxable","16":"purchasable","17":"product-type-simple"},"_links":{"self":[{"href":"https:\/\/contraluzarte.com\/esp\/wp-json\/wp\/v2\/product\/3644","targetHints":{"allow":["GET"]}}],"collection":[{"href":"https:\/\/contraluzarte.com\/esp\/wp-json\/wp\/v2\/product"}],"about":[{"href":"https:\/\/contraluzarte.com\/esp\/wp-json\/wp\/v2\/types\/product"}],"wp:featuredmedia":[{"embeddable":true,"href":"https:\/\/contraluzarte.com\/esp\/wp-json\/wp\/v2\/media\/4325"}],"wp:attachment":[{"href":"https:\/\/contraluzarte.com\/esp\/wp-json\/wp\/v2\/media?parent=3644"}],"wp:term":[{"taxonomy":"product_brand","embeddable":true,"href":"https:\/\/contraluzarte.com\/esp\/wp-json\/wp\/v2\/product_brand?post=3644"},{"taxonomy":"product_cat","embeddable":true,"href":"https:\/\/contraluzarte.com\/esp\/wp-json\/wp\/v2\/product_cat?post=3644"},{"taxonomy":"product_tag","embeddable":true,"href":"https:\/\/contraluzarte.com\/esp\/wp-json\/wp\/v2\/product_tag?post=3644"}],"curies":[{"name":"wp","href":"https:\/\/api.w.org\/{rel}","templated":true}]}}