{"id":4270,"date":"2025-10-24T10:45:58","date_gmt":"2025-10-24T13:45:58","guid":{"rendered":"https:\/\/contraluzarte.com\/?post_type=product&#038;p=4270"},"modified":"2025-10-27T12:45:41","modified_gmt":"2025-10-27T15:45:41","slug":"casaco-rios-da-america-latina","status":"publish","type":"product","link":"https:\/\/contraluzarte.com\/esp\/producto\/casaco-rios-da-america-latina\/","title":{"rendered":"Sudadera R\u00edos de Am\u00e9rica Latina"},"content":{"rendered":"<p>Producci\u00f3n: 5 d\u00edas h\u00e1biles (+ entrega)<br \/>\nColor Off-White<br \/>\nSerigraf\u00eda Roja<\/p>","protected":false},"excerpt":{"rendered":"<p>Produ\u00e7\u00e3o: 5 dias \u00fateis (+ frete) Cor Off-white Serigrafia vermelha<\/p>","protected":false},"featured_media":4317,"template":"","meta":{"_exactmetrics_skip_tracking":false,"_exactmetrics_sitenote_active":false,"_exactmetrics_sitenote_note":"","_exactmetrics_sitenote_category":0},"product_brand":[],"product_cat":[83,72],"product_tag":[],"class_list":{"0":"post-4270","1":"product","2":"type-product","3":"status-publish","4":"has-post-thumbnail","6":"product_cat-casaco","7":"product_cat-produtos","9":"first","10":"onbackorder","11":"shipping-taxable","12":"purchasable","13":"product-type-variable"},"_links":{"self":[{"href":"https:\/\/contraluzarte.com\/esp\/wp-json\/wp\/v2\/product\/4270","targetHints":{"allow":["GET"]}}],"collection":[{"href":"https:\/\/contraluzarte.com\/esp\/wp-json\/wp\/v2\/product"}],"about":[{"href":"https:\/\/contraluzarte.com\/esp\/wp-json\/wp\/v2\/types\/product"}],"wp:featuredmedia":[{"embeddable":true,"href":"https:\/\/contraluzarte.com\/esp\/wp-json\/wp\/v2\/media\/4317"}],"wp:attachment":[{"href":"https:\/\/contraluzarte.com\/esp\/wp-json\/wp\/v2\/media?parent=4270"}],"wp:term":[{"taxonomy":"product_brand","embeddable":true,"href":"https:\/\/contraluzarte.com\/esp\/wp-json\/wp\/v2\/product_brand?post=4270"},{"taxonomy":"product_cat","embeddable":true,"href":"https:\/\/contraluzarte.com\/esp\/wp-json\/wp\/v2\/product_cat?post=4270"},{"taxonomy":"product_tag","embeddable":true,"href":"https:\/\/contraluzarte.com\/esp\/wp-json\/wp\/v2\/product_tag?post=4270"}],"curies":[{"name":"wp","href":"https:\/\/api.w.org\/{rel}","templated":true}]}}